{"id":13,"date":"2014-01-01T12:28:18","date_gmt":"2014-01-01T12:28:18","guid":{"rendered":"http:\/\/blog.aich.de\/?page_id=13"},"modified":"2021-01-09T17:36:40","modified_gmt":"2021-01-09T16:36:40","slug":"impressum","status":"publish","type":"page","link":"http:\/\/blog.aich.de\/?page_id=13","title":{"rendered":"Impressum"},"content":{"rendered":"<p id=\"impressum\">Ihr pers\u00f6nliches Impressum<\/p>\n<p>Impressum<\/p>\n<p>Angaben gem\u00e4\u00df \u00a7 5 TMG:<\/p>\n<p>Thomas Aich<\/p>\n<p>Erlenweg 11a<\/p>\n<p>76275 Ettlingen<\/p>\n<p>Kontakt:<\/p>\n<table>\n<tbody>\n<tr>\n<td>E-Mail:<\/td>\n<td>i3@aich.de<\/td>\n<\/tr>\n<\/tbody>\n<\/table>\n<p>Quelle: <i><a href=\"http:\/\/www.e-recht24.de\/impressum-generator.html\" rel=\"nofollow\">http:\/\/www.e-recht24.de<\/a><\/i><\/p>\n","protected":false},"excerpt":{"rendered":"<p>Ihr pers\u00f6nliches Impressum Impressum Angaben gem\u00e4\u00df \u00a7 5 TMG: Thomas Aich Erlenweg 11a 76275 Ettlingen Kontakt: E-Mail: i3@aich.de Quelle: http:\/\/www.e-recht24.de<\/p>\n","protected":false},"author":1,"featured_media":0,"parent":0,"menu_order":0,"comment_status":"closed","ping_status":"open","template":"","meta":{"footnotes":""},"class_list":["post-13","page","type-page","status-publish"],"_links":{"self":[{"href":"http:\/\/blog.aich.de\/index.php?rest_route=\/wp\/v2\/pages\/13","targetHints":{"allow":["GET"]}}],"collection":[{"href":"http:\/\/blog.aich.de\/index.php?rest_route=\/wp\/v2\/pages"}],"about":[{"href":"http:\/\/blog.aich.de\/index.php?rest_route=\/wp\/v2\/types\/page"}],"author":[{"embeddable":true,"href":"http:\/\/blog.aich.de\/index.php?rest_route=\/wp\/v2\/users\/1"}],"replies":[{"embeddable":true,"href":"http:\/\/blog.aich.de\/index.php?rest_route=%2Fwp%2Fv2%2Fcomments&post=13"}],"version-history":[{"count":5,"href":"http:\/\/blog.aich.de\/index.php?rest_route=\/wp\/v2\/pages\/13\/revisions"}],"predecessor-version":[{"id":43,"href":"http:\/\/blog.aich.de\/index.php?rest_route=\/wp\/v2\/pages\/13\/revisions\/43"}],"wp:attachment":[{"href":"http:\/\/blog.aich.de\/index.php?rest_route=%2Fwp%2Fv2%2Fmedia&parent=13"}],"curies":[{"name":"wp","href":"https:\/\/api.w.org\/{rel}","templated":true}]}}